{"id":103,"date":"2018-11-09T20:36:35","date_gmt":"2018-11-09T20:36:35","guid":{"rendered":"https:\/\/bruchhoefe.de\/?page_id=103"},"modified":"2022-06-04T10:24:29","modified_gmt":"2022-06-04T10:24:29","slug":"vorstand","status":"publish","type":"page","link":"https:\/\/bruchhoefe.de\/index.php\/vorstand\/","title":{"rendered":"Vorstand"},"content":{"rendered":"<p style=\"text-align: center;\"><strong><span style=\"color: #ff0000;\">Auf der Jahreshauptversammlung 2022 wurde ein neuer Vorstand gew\u00e4hlt.<br \/>\nDieser setzt sich wie folgt zusammen:<\/span><\/strong><\/p>\n<p style=\"text-align: center;\"><span style=\"color: #339966;\"><strong>1. Vorsitzender:<\/strong><\/span><br \/>\nDetlev Dohmen, Bruchh\u00f6fe 2, Tel.: 1519557<\/p>\n<p style=\"text-align: center;\"><span style=\"color: #339966;\"><strong>2. Vorsitzender:<\/strong><\/span><br \/>\n<span style=\"font-size: 0.95em;\">Ralf Schenke, Bruchh\u00f6fe 144, Tel.: 944670<\/span><\/p>\n<p style=\"text-align: center;\"><span style=\"color: #339966;\"><strong>1. Kassierer:<\/strong><\/span><br \/>\nChristian Thewes, Bruchh\u00f6fe 136, Tel.: 0170-3234866<\/p>\n<p style=\"text-align: center;\"><span style=\"color: #339966;\"><strong>2. Kassierer:<\/strong><\/span><br \/>\nUwe Finke, Bruchh\u00f6fe 110<\/p>\n<p style=\"text-align: center;\"><span style=\"color: #339966;\"><strong>Schriftf\u00fchrerin:<\/strong><\/span><br \/>\nBarbara Wolf-Dohmen, Bruchh\u00f6fe 2<\/p>\n<p style=\"text-align: center;\"><span style=\"color: #339966;\"><strong>Beisitzer:<\/strong><\/span><br \/>\nBirgit Viol, Winfrid Viol, Frank Hucken &amp; Lothar Medem<\/p>\n","protected":false},"excerpt":{"rendered":"<p>Auf der Jahreshauptversammlung 2022 wurde ein neuer Vorstand gew\u00e4hlt. Dieser setzt sich wie folgt zusammen: 1. Vorsitzender: Detlev Dohmen, Bruchh\u00f6fe 2, Tel.: 1519557 2. Vorsitzender: Ralf Schenke, Bruchh\u00f6fe 144, Tel.: 944670 1. Kassierer: Christian Thewes, Bruchh\u00f6fe 136, Tel.: 0170-3234866 2. Kassierer: Uwe Finke, Bruchh\u00f6fe 110 Schriftf\u00fchrerin: Barbara Wolf-Dohmen, Bruchh\u00f6fe 2 Beisitzer: Birgit Viol, Winfrid Viol, Frank Hucken &amp; Lothar Medem<\/p>\n","protected":false},"author":1,"featured_media":0,"parent":0,"menu_order":0,"comment_status":"closed","ping_status":"closed","template":"","meta":{"footnotes":""},"class_list":["post-103","page","type-page","status-publish","hentry","gallery-content-unit"],"_links":{"self":[{"href":"https:\/\/bruchhoefe.de\/index.php\/wp-json\/wp\/v2\/pages\/103"}],"collection":[{"href":"https:\/\/bruchhoefe.de\/index.php\/wp-json\/wp\/v2\/pages"}],"about":[{"href":"https:\/\/bruchhoefe.de\/index.php\/wp-json\/wp\/v2\/types\/page"}],"author":[{"embeddable":true,"href":"https:\/\/bruchhoefe.de\/index.php\/wp-json\/wp\/v2\/users\/1"}],"replies":[{"embeddable":true,"href":"https:\/\/bruchhoefe.de\/index.php\/wp-json\/wp\/v2\/comments?post=103"}],"version-history":[{"count":4,"href":"https:\/\/bruchhoefe.de\/index.php\/wp-json\/wp\/v2\/pages\/103\/revisions"}],"predecessor-version":[{"id":174,"href":"https:\/\/bruchhoefe.de\/index.php\/wp-json\/wp\/v2\/pages\/103\/revisions\/174"}],"wp:attachment":[{"href":"https:\/\/bruchhoefe.de\/index.php\/wp-json\/wp\/v2\/media?parent=103"}],"curies":[{"name":"wp","href":"https:\/\/api.w.org\/{rel}","templated":true}]}}